{"id":384,"date":"2022-09-12T13:36:59","date_gmt":"2022-09-12T13:36:59","guid":{"rendered":"https:\/\/sofra.cologne\/?page_id=384"},"modified":"2025-02-18T19:42:05","modified_gmt":"2025-02-18T18:42:05","slug":"spenden","status":"publish","type":"page","link":"https:\/\/sofra.cologne\/en\/spenden\/","title":{"rendered":"Donations"},"content":{"rendered":"<div data-elementor-type=\"wp-page\" data-elementor-id=\"384\" class=\"elementor elementor-384\" data-elementor-post-type=\"page\">\n\t\t\t\t\t\t\t<div class=\"elementor-element elementor-element-61721ec e-flex e-con-boxed e-con e-parent\" data-id=\"61721ec\" data-element_type=\"container\" data-settings=\"{&quot;content_width&quot;:&quot;boxed&quot;}\" data-core-v316-plus=\"true\">\n\t\t\t\t\t<div class=\"e-con-inner\">\n\t\t<div class=\"elementor-element elementor-element-b97e6bc e-con-full e-flex e-con e-child\" data-id=\"b97e6bc\" data-element_type=\"container\" data-settings=\"{&quot;content_width&quot;:&quot;full&quot;}\">\n\t\t\t\t<div class=\"elementor-element elementor-element-01c2161 elementor-widget elementor-widget-image\" data-id=\"01c2161\" data-element_type=\"widget\" data-widget_type=\"image.default\">\n\t\t\t\t<div class=\"elementor-widget-container\">\n\t\t\t\t\t\t\t\t\t\t\t\t\t\t\t<img loading=\"lazy\" decoding=\"async\" width=\"268\" height=\"300\" src=\"https:\/\/sofra.cologne\/wp-content\/uploads\/2023\/11\/IMG_7954-268x300.jpg\" class=\"attachment-medium size-medium wp-image-2707\" alt=\"\" srcset=\"https:\/\/sofra.cologne\/wp-content\/uploads\/2023\/11\/IMG_7954-268x300.jpg 268w, https:\/\/sofra.cologne\/wp-content\/uploads\/2023\/11\/IMG_7954-914x1024.jpg 914w, https:\/\/sofra.cologne\/wp-content\/uploads\/2023\/11\/IMG_7954-768x860.jpg 768w, https:\/\/sofra.cologne\/wp-content\/uploads\/2023\/11\/IMG_7954.jpg 1290w\" sizes=\"auto, (max-width: 268px) 100vw, 268px\" \/>\t\t\t\t\t\t\t\t\t\t\t\t\t\t\t<\/div>\n\t\t\t\t<\/div>\n\t\t\t\t<\/div>\n\t\t<div class=\"elementor-element elementor-element-bf6f534 e-con-full e-flex e-con e-child\" data-id=\"bf6f534\" data-element_type=\"container\" data-settings=\"{&quot;content_width&quot;:&quot;full&quot;}\">\n\t\t\t\t<div class=\"elementor-element elementor-element-758e191 elementor-widget elementor-widget-image\" data-id=\"758e191\" data-element_type=\"widget\" data-widget_type=\"image.default\">\n\t\t\t\t<div class=\"elementor-widget-container\">\n\t\t\t\t\t\t\t\t\t\t\t\t\t\t\t<img loading=\"lazy\" decoding=\"async\" width=\"500\" height=\"500\" src=\"https:\/\/sofra.cologne\/wp-content\/uploads\/2023\/11\/IMG_7955-500x500.jpg\" class=\"attachment-awsm_team size-awsm_team wp-image-2706\" alt=\"\" srcset=\"https:\/\/sofra.cologne\/wp-content\/uploads\/2023\/11\/IMG_7955-500x500.jpg 500w, https:\/\/sofra.cologne\/wp-content\/uploads\/2023\/11\/IMG_7955-150x150.jpg 150w\" sizes=\"auto, (max-width: 500px) 100vw, 500px\" \/>\t\t\t\t\t\t\t\t\t\t\t\t\t\t\t<\/div>\n\t\t\t\t<\/div>\n\t\t\t\t<\/div>\n\t\t<div class=\"elementor-element elementor-element-3bf993c e-con-full e-flex e-con e-child\" data-id=\"3bf993c\" data-element_type=\"container\" data-settings=\"{&quot;content_width&quot;:&quot;full&quot;}\">\n\t\t\t\t<div class=\"elementor-element elementor-element-8cd8e3c elementor-widget elementor-widget-image\" data-id=\"8cd8e3c\" data-element_type=\"widget\" data-widget_type=\"image.default\">\n\t\t\t\t<div class=\"elementor-widget-container\">\n\t\t\t\t\t\t\t\t\t\t\t\t\t\t\t<img loading=\"lazy\" decoding=\"async\" width=\"500\" height=\"500\" src=\"https:\/\/sofra.cologne\/wp-content\/uploads\/2023\/12\/WhatsApp-Image-2023-12-05-at-14.59.07-500x500.jpeg\" class=\"attachment-awsm_team size-awsm_team wp-image-2955\" alt=\"\" srcset=\"https:\/\/sofra.cologne\/wp-content\/uploads\/2023\/12\/WhatsApp-Image-2023-12-05-at-14.59.07-500x500.jpeg 500w, https:\/\/sofra.cologne\/wp-content\/uploads\/2023\/12\/WhatsApp-Image-2023-12-05-at-14.59.07-150x150.jpeg 150w\" sizes=\"auto, (max-width: 500px) 100vw, 500px\" \/>\t\t\t\t\t\t\t\t\t\t\t\t\t\t\t<\/div>\n\t\t\t\t<\/div>\n\t\t\t\t<\/div>\n\t\t\t\t\t<\/div>\n\t\t\t\t<\/div>\n\t\t\t\t<section class=\"elementor-section elementor-top-section elementor-element elementor-element-d3dce6b elementor-section-boxed elementor-section-height-default elementor-section-height-default\" data-id=\"d3dce6b\" data-element_type=\"section\">\n\t\t\t\t\t\t<div class=\"elementor-container elementor-column-gap-default\">\n\t\t\t\t\t<div class=\"elementor-column elementor-col-100 elementor-top-column elementor-element elementor-element-60c2e95\" data-id=\"60c2e95\" data-element_type=\"column\">\n\t\t\t<div class=\"elementor-widget-wrap elementor-element-populated\">\n\t\t\t\t\t\t\t\t<div class=\"elementor-element elementor-element-47398ab elementor-widget elementor-widget-heading\" data-id=\"47398ab\" data-element_type=\"widget\" data-widget_type=\"heading.default\">\n\t\t\t\t<div class=\"elementor-widget-container\">\n\t\t\t<h1 class=\"elementor-heading-title elementor-size-xl\">UNTERST\u00dcTZE UNSERE ARBEIT <\/h1>\t\t<\/div>\n\t\t\t\t<\/div>\n\t\t\t\t<div class=\"elementor-element elementor-element-6dba480 elementor-widget__width-initial elementor-widget elementor-widget-text-editor\" data-id=\"6dba480\" data-element_type=\"widget\" data-widget_type=\"text-editor.default\">\n\t\t\t\t<div class=\"elementor-widget-container\">\n\t\t\t\t\t\t\t<p><span data-contrast=\"none\">Unser Verein hat es sich zur Zielsetzung gemacht, Queere Migranten Communities zu st\u00e4rken und zu f\u00f6rdern. Wir engagieren uns aktiv f\u00fcr die F\u00f6rderung von Akzeptanz und Sichtbarkeit und erm\u00f6glichen die Teilhabe von Queere Migranten und Gefl\u00fcchtete. Indem wir T\u00fcren \u00f6ffnen und M\u00f6glichkeiten schaffen.<\/span><span data-ccp-props=\"{&quot;201341983&quot;:0,&quot;335559739&quot;:0,&quot;335559740&quot;:240}\">\u00a0<\/span><\/p><p><span data-contrast=\"none\">Dabei engagieren wir uns auch politisch gegen Rassismus, Antisemitismus und LSBTIQ+ Feindlichkeit. Als Interessenvertreter mischen wir uns aktiv in die lokale Gesellschaft ein, um Inklusivit\u00e4t und Verst\u00e4ndnis zu f\u00f6rdern.\u00a0<\/span><span data-ccp-props=\"{&quot;201341983&quot;:0,&quot;335559739&quot;:0,&quot;335559740&quot;:240}\">\u00a0<\/span><\/p><p><span data-ccp-props=\"{&quot;201341983&quot;:0,&quot;335559739&quot;:0,&quot;335559740&quot;:240}\">\u00a0<\/span><span data-contrast=\"none\">Unser Engagement wird getragen von den unsch\u00e4tzbaren Beitr\u00e4gen ehrenamtlicher Helferinnen und Helfer sowie der kontinuierlichen Unterst\u00fctzung durch unsere engagierten Mitglieder. Wir sind auf Spenden und \u00f6ffentliche Mittel angewiesen. Als gemeinn\u00fctziger Verein k\u00f6nnen wir Spendenbescheinigungen f\u00fcr das Finanzamt ausstellen.<\/span><span data-ccp-props=\"{&quot;201341983&quot;:0,&quot;335559739&quot;:160,&quot;335559740&quot;:259}\">\u00a0<\/span><\/p>\t\t\t\t\t\t<\/div>\n\t\t\t\t<\/div>\n\t\t\t\t<div class=\"elementor-element elementor-element-9dbfb23 elementor-widget elementor-widget-spacer\" data-id=\"9dbfb23\" data-element_type=\"widget\" data-widget_type=\"spacer.default\">\n\t\t\t\t<div class=\"elementor-widget-container\">\n\t\t\t\t\t<div class=\"elementor-spacer\">\n\t\t\t<div class=\"elementor-spacer-inner\"><\/div>\n\t\t<\/div>\n\t\t\t\t<\/div>\n\t\t\t\t<\/div>\n\t\t\t\t<div class=\"elementor-element elementor-element-3e46e73 elementor-widget elementor-widget-text-editor\" data-id=\"3e46e73\" data-element_type=\"widget\" data-widget_type=\"text-editor.default\">\n\t\t\t\t<div class=\"elementor-widget-container\">\n\t\t\t\t\t\t\t<p style=\"padding-left: 40px;\">\u00a0<\/p><div class=\"et_pb_module et_pb_code et_pb_code_0\"><div class=\"et_pb_code_inner\"><div id=\"twingle-public-embed-_7p6zsmv4q\"><iframe id=\"twingleframe-_7p6zsmv4q\" src=\"https:\/\/spenden.twingle.de\/genericorganisation\/genericproject\/tw5bdc3ce5e81b5\/widget\/_7p6zsmv4q\" height=\"650px\" scrolling=\"no\" data-darkreader-inline-border-top=\"\" data-darkreader-inline-border-right=\"\" data-darkreader-inline-border-bottom=\"\" data-darkreader-inline-border-left=\"\" data-mce-fragment=\"1\"><\/iframe><\/div><div><p><strong>Datenschutzhinweis:<\/strong>\u00a0Mit der Nutzung unseres Spendenformulars wird die Spende \u00fcber den Dienstleister twingle GmbH, Prinzenallee 74, 13357 Berlin abgewickelt. Zu diesem Zwecke werden hier eingegebene Daten zur Abwicklung und Spendenverwaltung gespeichert. Siehe dazu unsere\u00a0<a href=\"https:\/\/rainbow-refugees.cologne\/datenschutzerklaerung\/\">Datenschutzerkl\u00e4rung<\/a>, Abschnitt \u00bbSpendenformular\u00ab.<\/p><\/div><\/div><\/div>\t\t\t\t\t\t<\/div>\n\t\t\t\t<\/div>\n\t\t\t\t<div class=\"elementor-element elementor-element-04806da elementor-widget elementor-widget-spacer\" data-id=\"04806da\" data-element_type=\"widget\" data-widget_type=\"spacer.default\">\n\t\t\t\t<div class=\"elementor-widget-container\">\n\t\t\t\t\t<div class=\"elementor-spacer\">\n\t\t\t<div class=\"elementor-spacer-inner\"><\/div>\n\t\t<\/div>\n\t\t\t\t<\/div>\n\t\t\t\t<\/div>\n\t\t\t\t\t<\/div>\n\t\t<\/div>\n\t\t\t\t\t\t\t<\/div>\n\t\t<\/section>\n\t\t<div class=\"elementor-element elementor-element-6225479 e-flex e-con-boxed e-con e-parent\" data-id=\"6225479\" data-element_type=\"container\" data-settings=\"{&quot;content_width&quot;:&quot;boxed&quot;}\" data-core-v316-plus=\"true\">\n\t\t\t\t\t<div class=\"e-con-inner\">\n\t\t\t\t<div class=\"elementor-element elementor-element-90090fc elementor-widget elementor-widget-heading\" data-id=\"90090fc\" data-element_type=\"widget\" data-widget_type=\"heading.default\">\n\t\t\t\t<div class=\"elementor-widget-container\">\n\t\t\t<h2 class=\"elementor-heading-title elementor-size-default\">\u00dcBERWEISEN <\/h2>\t\t<\/div>\n\t\t\t\t<\/div>\n\t\t\t\t\t<\/div>\n\t\t\t\t<\/div>\n\t\t<div class=\"elementor-element elementor-element-bb607a5 e-flex e-con-boxed e-con e-parent\" data-id=\"bb607a5\" data-element_type=\"container\" data-settings=\"{&quot;content_width&quot;:&quot;boxed&quot;}\" data-core-v316-plus=\"true\">\n\t\t\t\t\t<div class=\"e-con-inner\">\n\t\t\t\t<div class=\"elementor-element elementor-element-bc01fda elementor-widget elementor-widget-text-editor\" data-id=\"bc01fda\" data-element_type=\"widget\" data-widget_type=\"text-editor.default\">\n\t\t\t\t<div class=\"elementor-widget-container\">\n\t\t\t\t\t\t\t<p><span data-contrast=\"none\">Bitte Namen und Anschrift im Betreff angeben, sofern eine Spendenquittung erw\u00fcnscht ist<\/span><span data-ccp-props=\"{&quot;201341983&quot;:0,&quot;335559739&quot;:0,&quot;335559740&quot;:240}\">\u00a0<\/span><\/p><p>\u00a0<br \/><span data-contrast=\"none\">SOFRA - Queer Migrants e.V.<\/span>\u00a0<br \/><span data-contrast=\"none\">GLS Gemeinschaftsbank eG<\/span>\u00a0<br \/><span data-contrast=\"none\">BIC: GENODEM1GLS<\/span>\u00a0<br \/><span data-contrast=\"none\">IBAN: DE04 4306 0967 4122 6057 00<\/span><span data-ccp-props=\"{&quot;134233118&quot;:true,&quot;201341983&quot;:0,&quot;335559739&quot;:160,&quot;335559740&quot;:240}\">\u00a0<\/span><\/p>\t\t\t\t\t\t<\/div>\n\t\t\t\t<\/div>\n\t\t\t\t<div class=\"elementor-element elementor-element-88c95b6 elementor-widget elementor-widget-heading\" data-id=\"88c95b6\" data-element_type=\"widget\" data-widget_type=\"heading.default\">\n\t\t\t\t<div class=\"elementor-widget-container\">\n\t\t\t<h2 class=\"elementor-heading-title elementor-size-default\">WEITERE\u202fUNTERST\u00dcTZUNGSM\u00d6GLICHKEITEN <\/h2>\t\t<\/div>\n\t\t\t\t<\/div>\n\t\t\t\t\t<\/div>\n\t\t\t\t<\/div>\n\t\t<div class=\"elementor-element elementor-element-8fd399b e-flex e-con-boxed e-con e-parent\" data-id=\"8fd399b\" data-element_type=\"container\" data-settings=\"{&quot;content_width&quot;:&quot;boxed&quot;}\" data-core-v316-plus=\"true\">\n\t\t\t\t\t<div class=\"e-con-inner\">\n\t\t<div class=\"elementor-element elementor-element-02771b9 e-con-full e-flex e-con e-child\" data-id=\"02771b9\" data-element_type=\"container\" data-settings=\"{&quot;content_width&quot;:&quot;full&quot;}\">\n\t\t\t\t<div class=\"elementor-element elementor-element-7400566 elementor-widget elementor-widget-text-editor\" data-id=\"7400566\" data-element_type=\"widget\" data-widget_type=\"text-editor.default\">\n\t\t\t\t<div class=\"elementor-widget-container\">\n\t\t\t\t\t\t\t<p><b><span data-contrast=\"none\">PayPal<\/span><\/b><span data-ccp-props=\"{&quot;201341983&quot;:0,&quot;335559739&quot;:0,&quot;335559740&quot;:240}\">\u00a0<\/span><\/p><p><a href=\"http:\/\/paypal.me\/RRCSG\"><span data-contrast=\"none\">paypal.me\/RRCSG<\/span><\/a><span data-contrast=\"none\">\u202f<\/span><span data-ccp-props=\"{&quot;201341983&quot;:0,&quot;335559739&quot;:0,&quot;335559740&quot;:240}\">\u00a0<\/span><\/p><p><span data-contrast=\"none\">oder QR Code scannen<\/span><span data-ccp-props=\"{&quot;201341983&quot;:0,&quot;335559739&quot;:0,&quot;335559740&quot;:240}\">\u00a0<\/span><\/p><p><span data-ccp-props=\"{&quot;201341983&quot;:0,&quot;335559739&quot;:0,&quot;335559740&quot;:240}\">\u00a0<\/span><\/p><p>.<\/p>\t\t\t\t\t\t<\/div>\n\t\t\t\t<\/div>\n\t\t\t\t<div class=\"elementor-element elementor-element-4535c33 elementor-widget elementor-widget-text-editor\" data-id=\"4535c33\" data-element_type=\"widget\" data-widget_type=\"text-editor.default\">\n\t\t\t\t<div class=\"elementor-widget-container\">\n\t\t\t\t\t\t\t<p><b><span data-contrast=\"none\">\u00dcber<\/span><\/b><b><span data-contrast=\"none\"> Facebook &amp; Instagram&nbsp;<\/span><\/b><span data-ccp-props=\"{&quot;201341983&quot;:0,&quot;335559739&quot;:0,&quot;335559740&quot;:240}\">&nbsp;<\/span><\/p>\n<p><span data-contrast=\"auto\">Wusstest du, dass du ein Superheld f\u00fcr unsere Sache sein kannst? Indem du einen einfachen Spendenaufruf auf Instagram und Facebook erstellst, unterst\u00fctzt du uns nicht nur, sondern hast auch einen sp\u00fcrbaren Einfluss auf das Leben der Menschen, denen wir helfen.<\/span><span data-ccp-props=\"{&quot;201341983&quot;:0,&quot;335559739&quot;:160,&quot;335559740&quot;:259}\">&nbsp;<\/span><\/p>\n<p><\/p>\n<p><span data-contrast=\"auto\">Bist du bereit, etwas zu ver\u00e4ndern? So geht&#8217;s:<\/span><span data-ccp-props=\"{&quot;201341983&quot;:0,&quot;335559739&quot;:160,&quot;335559740&quot;:259}\">&nbsp;<\/span><\/p>\n<p><span data-contrast=\"auto\">1. Gehe auf dein Instagram- oder Facebook-Profil.<\/span><span data-ccp-props=\"{&quot;201341983&quot;:0,&quot;335559739&quot;:160,&quot;335559740&quot;:259}\">&nbsp;<\/span><\/p>\n<p><span data-contrast=\"auto\">2. Tippe auf &#8222;Fundraiser erstellen&#8220;.<\/span><span data-ccp-props=\"{&quot;201341983&quot;:0,&quot;335559739&quot;:160,&quot;335559740&quot;:259}\">&nbsp;<\/span><\/p>\n<p><span data-contrast=\"auto\">3. W\u00e4hle SOFRA &#8211; Queer Migrants als Beg\u00fcnstigten aus.<\/span><span data-ccp-props=\"{&quot;201341983&quot;:0,&quot;335559739&quot;:160,&quot;335559740&quot;:259}\">&nbsp;<\/span><\/p>\n<p><span data-contrast=\"auto\">4. Lege dein Ziel fest und Teile deine Leidenschaft f\u00fcr unsere Sache!<\/span><span data-ccp-props=\"{&quot;201341983&quot;:0,&quot;335559739&quot;:160,&quot;335559740&quot;:259}\">&nbsp;<\/span><\/p>\n<p><\/p>\n<p><span data-contrast=\"auto\">So einfach geht&#8217;s!&nbsp; Deine Kreativit\u00e4t kann eine Welle der Unterst\u00fctzung ausl\u00f6sen und einen Beitrag nach dem anderen bewirken.<\/span><span data-ccp-props=\"{&quot;201341983&quot;:0,&quot;335559739&quot;:160,&quot;335559740&quot;:259}\">&nbsp;<\/span><\/p>\n<p><\/p>\n<p><span data-contrast=\"auto\">Danke, dass du eine Kraft f\u00fcr das Gute bist!<\/span><span data-ccp-props=\"{&quot;201341983&quot;:0,&quot;335559739&quot;:160,&quot;335559740&quot;:259}\">&nbsp;<\/span><\/p>\n<p><\/p>\t\t\t\t\t\t<\/div>\n\t\t\t\t<\/div>\n\t\t\t\t<\/div>\n\t\t<div class=\"elementor-element elementor-element-6c727fc e-con-full e-flex e-con e-child\" data-id=\"6c727fc\" data-element_type=\"container\" data-settings=\"{&quot;content_width&quot;:&quot;full&quot;}\">\n\t\t\t\t<div class=\"elementor-element elementor-element-941a549 elementor-widget elementor-widget-image\" data-id=\"941a549\" data-element_type=\"widget\" data-widget_type=\"image.default\">\n\t\t\t\t<div class=\"elementor-widget-container\">\n\t\t\t\t\t\t\t\t\t\t\t\t\t\t\t<img loading=\"lazy\" decoding=\"async\" width=\"150\" height=\"150\" src=\"https:\/\/sofra.cologne\/wp-content\/uploads\/2023\/11\/WhatsApp-Image-2023-11-20-at-13.59.59-150x150.jpeg\" class=\"attachment-thumbnail size-thumbnail wp-image-2758\" alt=\"\" srcset=\"https:\/\/sofra.cologne\/wp-content\/uploads\/2023\/11\/WhatsApp-Image-2023-11-20-at-13.59.59-150x150.jpeg 150w, https:\/\/sofra.cologne\/wp-content\/uploads\/2023\/11\/WhatsApp-Image-2023-11-20-at-13.59.59-500x500.jpeg 500w\" sizes=\"auto, (max-width: 150px) 100vw, 150px\" \/>\t\t\t\t\t\t\t\t\t\t\t\t\t\t\t<\/div>\n\t\t\t\t<\/div>\n\t\t\t\t<\/div>\n\t\t\t\t\t<\/div>\n\t\t\t\t<\/div>\n\t\t<div class=\"elementor-element elementor-element-8d3c575 e-flex e-con-boxed e-con e-parent\" data-id=\"8d3c575\" data-element_type=\"container\" data-settings=\"{&quot;content_width&quot;:&quot;boxed&quot;}\" data-core-v316-plus=\"true\">\n\t\t\t\t\t<div class=\"e-con-inner\">\n\t\t\t\t<div class=\"elementor-element elementor-element-c241390 elementor-widget elementor-widget-spacer\" data-id=\"c241390\" data-element_type=\"widget\" data-widget_type=\"spacer.default\">\n\t\t\t\t<div class=\"elementor-widget-container\">\n\t\t\t\t\t<div class=\"elementor-spacer\">\n\t\t\t<div class=\"elementor-spacer-inner\"><\/div>\n\t\t<\/div>\n\t\t\t\t<\/div>\n\t\t\t\t<\/div>\n\t\t\t\t\t<\/div>\n\t\t\t\t<\/div>\n\t\t\t\t\t\t\t<\/div>","protected":false},"excerpt":{"rendered":"<p>UNTERST\u00dcTZE UNSERE ARBEIT Unser Verein hat es sich zur Zielsetzung gemacht, Queere Migranten Communities zu st\u00e4rken und zu f\u00f6rdern. Wir engagieren uns aktiv f\u00fcr die F\u00f6rderung von Akzeptanz und Sichtbarkeit [&hellip;]<\/p>","protected":false},"author":1,"featured_media":0,"parent":0,"menu_order":0,"comment_status":"closed","ping_status":"closed","template":"elementor_header_footer","meta":{"footnotes":""},"class_list":["post-384","page","type-page","status-publish","hentry"],"_links":{"self":[{"href":"https:\/\/sofra.cologne\/en\/wp-json\/wp\/v2\/pages\/384","targetHints":{"allow":["GET"]}}],"collection":[{"href":"https:\/\/sofra.cologne\/en\/wp-json\/wp\/v2\/pages"}],"about":[{"href":"https:\/\/sofra.cologne\/en\/wp-json\/wp\/v2\/types\/page"}],"author":[{"embeddable":true,"href":"https:\/\/sofra.cologne\/en\/wp-json\/wp\/v2\/users\/1"}],"replies":[{"embeddable":true,"href":"https:\/\/sofra.cologne\/en\/wp-json\/wp\/v2\/comments?post=384"}],"version-history":[{"count":162,"href":"https:\/\/sofra.cologne\/en\/wp-json\/wp\/v2\/pages\/384\/revisions"}],"predecessor-version":[{"id":3143,"href":"https:\/\/sofra.cologne\/en\/wp-json\/wp\/v2\/pages\/384\/revisions\/3143"}],"wp:attachment":[{"href":"https:\/\/sofra.cologne\/en\/wp-json\/wp\/v2\/media?parent=384"}],"curies":[{"name":"wp","href":"https:\/\/api.w.org\/{rel}","templated":true}]}}