{"id":2919,"date":"2023-11-26T15:58:05","date_gmt":"2023-11-26T14:58:05","guid":{"rendered":"https:\/\/sofra.cologne\/?page_id=2919"},"modified":"2024-01-25T16:20:01","modified_gmt":"2024-01-25T15:20:01","slug":"sofra-dream-makers","status":"publish","type":"page","link":"https:\/\/sofra.cologne\/en\/sofra-dream-makers\/","title":{"rendered":"SOFRA Dream Makers"},"content":{"rendered":"<div data-elementor-type=\"wp-page\" data-elementor-id=\"2919\" class=\"elementor elementor-2919\" data-elementor-post-type=\"page\">\n\t\t\t\t\t\t\t<div class=\"elementor-element elementor-element-5a4e0b3 e-flex e-con-boxed e-con e-parent\" data-id=\"5a4e0b3\" data-element_type=\"container\" data-settings=\"{&quot;content_width&quot;:&quot;boxed&quot;}\" data-core-v316-plus=\"true\">\n\t\t\t\t\t<div class=\"e-con-inner\">\n\t\t<div class=\"elementor-element elementor-element-2bbcefa e-con-full e-flex e-con e-child\" data-id=\"2bbcefa\" data-element_type=\"container\" data-settings=\"{&quot;content_width&quot;:&quot;full&quot;}\">\n\t\t\t\t<div class=\"elementor-element elementor-element-cefa684 elementor-widget elementor-widget-text-editor\" data-id=\"cefa684\" data-element_type=\"widget\" data-widget_type=\"text-editor.default\">\n\t\t\t\t<div class=\"elementor-widget-container\">\n\t\t\t\t\t\t\t<p><strong>Sofra Dream Makers<\/strong><\/p><p>Mit einer F\u00f6rdermitgliedschaft hast du die M\u00f6glichkeit, das Leben von queeren Gefl\u00fcchteten zu ver\u00e4ndern und ihre Tr\u00e4ume zu realisieren. Deine finanzielle Unterst\u00fctzung erm\u00f6glicht LSBTIQ+ Gefl\u00fcchteten die Teilnahme an Aktivit\u00e4ten, sie rechtlich zu beraten und sie zu aktiven Teilnehmer*innen in ihren Gemeinschaften zu machen. Als wertvoller Dream Maker erh\u00e4ltst du exklusive, fr\u00fchzeitige Einladungen zu unserem Sommerfest und unserer Jahresendfeier. Mit deinem Beitrag k\u00f6nnen wir queere Migrant*innen empowern.<\/p><p><a href=\"https:\/\/sofra.cologne\/wp-content\/uploads\/2024\/01\/foerdermitgliedsantrag_SOFRA.pdf\"><span style=\"text-decoration: underline;\">Jetzt Dream Maker werden (F\u00f6rdermitgliedschaft Antrag)<\/span><\/a><\/p>\t\t\t\t\t\t<\/div>\n\t\t\t\t<\/div>\n\t\t\t\t<\/div>\n\t\t<div class=\"elementor-element elementor-element-a57be1a e-con-full e-flex e-con e-child\" data-id=\"a57be1a\" data-element_type=\"container\" data-settings=\"{&quot;content_width&quot;:&quot;full&quot;}\">\n\t\t\t\t<div class=\"elementor-element elementor-element-1dd3ab5 elementor-widget elementor-widget-image\" data-id=\"1dd3ab5\" data-element_type=\"widget\" data-widget_type=\"image.default\">\n\t\t\t\t<div class=\"elementor-widget-container\">\n\t\t\t\t\t\t\t\t\t\t\t\t\t\t\t<img loading=\"lazy\" decoding=\"async\" width=\"800\" height=\"534\" src=\"https:\/\/sofra.cologne\/wp-content\/uploads\/2022\/07\/2016_03_07_CSD_RRC_Stamm_-4-1024x683.jpg\" class=\"attachment-large size-large wp-image-206\" alt=\"\" srcset=\"https:\/\/sofra.cologne\/wp-content\/uploads\/2022\/07\/2016_03_07_CSD_RRC_Stamm_-4-1024x683.jpg 1024w, https:\/\/sofra.cologne\/wp-content\/uploads\/2022\/07\/2016_03_07_CSD_RRC_Stamm_-4-300x200.jpg 300w, https:\/\/sofra.cologne\/wp-content\/uploads\/2022\/07\/2016_03_07_CSD_RRC_Stamm_-4-768x512.jpg 768w, https:\/\/sofra.cologne\/wp-content\/uploads\/2022\/07\/2016_03_07_CSD_RRC_Stamm_-4-1536x1024.jpg 1536w, https:\/\/sofra.cologne\/wp-content\/uploads\/2022\/07\/2016_03_07_CSD_RRC_Stamm_-4-2048x1365.jpg 2048w\" sizes=\"auto, (max-width: 800px) 100vw, 800px\" \/>\t\t\t\t\t\t\t\t\t\t\t\t\t\t\t<\/div>\n\t\t\t\t<\/div>\n\t\t\t\t<\/div>\n\t\t\t\t\t<\/div>\n\t\t\t\t<\/div>\n\t\t\t\t\t\t\t<\/div>","protected":false},"excerpt":{"rendered":"<p>Sofra Dream Makers Mit einer F\u00f6rdermitgliedschaft hast du die M\u00f6glichkeit, das Leben von queeren Gefl\u00fcchteten zu ver\u00e4ndern und ihre Tr\u00e4ume zu realisieren. Deine finanzielle Unterst\u00fctzung erm\u00f6glicht LSBTIQ+ Gefl\u00fcchteten die Teilnahme [&hellip;]<\/p>","protected":false},"author":2,"featured_media":0,"parent":0,"menu_order":0,"comment_status":"closed","ping_status":"closed","template":"","meta":{"footnotes":""},"class_list":["post-2919","page","type-page","status-publish","hentry"],"_links":{"self":[{"href":"https:\/\/sofra.cologne\/en\/wp-json\/wp\/v2\/pages\/2919","targetHints":{"allow":["GET"]}}],"collection":[{"href":"https:\/\/sofra.cologne\/en\/wp-json\/wp\/v2\/pages"}],"about":[{"href":"https:\/\/sofra.cologne\/en\/wp-json\/wp\/v2\/types\/page"}],"author":[{"embeddable":true,"href":"https:\/\/sofra.cologne\/en\/wp-json\/wp\/v2\/users\/2"}],"replies":[{"embeddable":true,"href":"https:\/\/sofra.cologne\/en\/wp-json\/wp\/v2\/comments?post=2919"}],"version-history":[{"count":13,"href":"https:\/\/sofra.cologne\/en\/wp-json\/wp\/v2\/pages\/2919\/revisions"}],"predecessor-version":[{"id":3060,"href":"https:\/\/sofra.cologne\/en\/wp-json\/wp\/v2\/pages\/2919\/revisions\/3060"}],"wp:attachment":[{"href":"https:\/\/sofra.cologne\/en\/wp-json\/wp\/v2\/media?parent=2919"}],"curies":[{"name":"wp","href":"https:\/\/api.w.org\/{rel}","templated":true}]}}