{"id":2909,"date":"2023-11-26T15:52:11","date_gmt":"2023-11-26T14:52:11","guid":{"rendered":"https:\/\/sofra.cologne\/?page_id=2909"},"modified":"2025-11-07T17:23:36","modified_gmt":"2025-11-07T16:23:36","slug":"sofra-gurdians","status":"publish","type":"page","link":"https:\/\/sofra.cologne\/en\/sofra-gurdians\/","title":{"rendered":"SOFRA Guardians"},"content":{"rendered":"<div data-elementor-type=\"wp-page\" data-elementor-id=\"2909\" class=\"elementor elementor-2909\" data-elementor-post-type=\"page\">\n\t\t\t\t\t\t\t<div class=\"elementor-element elementor-element-35a4dc7 e-flex e-con-boxed e-con e-parent\" data-id=\"35a4dc7\" data-element_type=\"container\" data-settings=\"{&quot;content_width&quot;:&quot;boxed&quot;}\" data-core-v316-plus=\"true\">\n\t\t\t\t\t<div class=\"e-con-inner\">\n\t\t\t\t<div class=\"elementor-element elementor-element-641a3d9 elementor-widget elementor-widget-spacer\" data-id=\"641a3d9\" data-element_type=\"widget\" data-widget_type=\"spacer.default\">\n\t\t\t\t<div class=\"elementor-widget-container\">\n\t\t\t\t\t<div class=\"elementor-spacer\">\n\t\t\t<div class=\"elementor-spacer-inner\"><\/div>\n\t\t<\/div>\n\t\t\t\t<\/div>\n\t\t\t\t<\/div>\n\t\t\t\t\t<\/div>\n\t\t\t\t<\/div>\n\t\t<div class=\"elementor-element elementor-element-7c36850 e-flex e-con-boxed e-con e-parent\" data-id=\"7c36850\" data-element_type=\"container\" data-settings=\"{&quot;content_width&quot;:&quot;boxed&quot;}\" data-core-v316-plus=\"true\">\n\t\t\t\t\t<div class=\"e-con-inner\">\n\t\t<div class=\"elementor-element elementor-element-87e3333 e-con-full e-flex e-con e-child\" data-id=\"87e3333\" data-element_type=\"container\" data-settings=\"{&quot;content_width&quot;:&quot;full&quot;}\">\n\t\t\t\t<div class=\"elementor-element elementor-element-24ac481 elementor-widget elementor-widget-text-editor\" data-id=\"24ac481\" data-element_type=\"widget\" data-widget_type=\"text-editor.default\">\n\t\t\t\t<div class=\"elementor-widget-container\">\n\t\t\t\t\t\t\t<p><strong>SOFRA Guardians<\/strong><\/p><p>Du kannst uns finanziell unterst\u00fctzen, indem du einen Mitgliedsantrag stellst und dich unserer Guardians Community anschlie\u00dft, die eine entscheidende Rolle bei der F\u00f6rderung unserer Initiativen spielt. Als Guardian erh\u00e4ltst du fr\u00fchzeitig Einladungen zu unserem Sommerfest und Jahresendfeier und wirst so zu einem festen Bestandteil unserer Reise. Deine Mitgliedschaft unterst\u00fctzt uns nicht nur finanziell, sondern st\u00e4rkt auch das Fundament unserer Arbeit. Werde Mitglied bei den Guardians und trage ma\u00dfgeblich zu einem positiven Wandel bei.<\/p><p><a href=\"https:\/\/sofra.cologne\/wp-content\/uploads\/2024\/01\/mitgliedsantrag_SOFRA.pdf\"><span style=\"text-decoration: underline;\">Jetzt Guardian werden (Mitgliedschaft Antrag)<\/span><\/a><\/p>\t\t\t\t\t\t<\/div>\n\t\t\t\t<\/div>\n\t\t\t\t<\/div>\n\t\t<div class=\"elementor-element elementor-element-18ed73c e-con-full e-flex e-con e-child\" data-id=\"18ed73c\" data-element_type=\"container\" data-settings=\"{&quot;content_width&quot;:&quot;full&quot;}\">\n\t\t\t\t<div class=\"elementor-element elementor-element-fa004b3 elementor-widget elementor-widget-image\" data-id=\"fa004b3\" data-element_type=\"widget\" data-widget_type=\"image.default\">\n\t\t\t\t<div class=\"elementor-widget-container\">\n\t\t\t\t\t\t\t\t\t\t\t\t\t\t\t<img loading=\"lazy\" decoding=\"async\" width=\"800\" height=\"600\" src=\"https:\/\/sofra.cologne\/wp-content\/uploads\/2022\/07\/WhatsApp-Image-2022-09-12-at-16.54.25-1024x768.jpeg\" class=\"attachment-large size-large wp-image-486\" alt=\"\" srcset=\"https:\/\/sofra.cologne\/wp-content\/uploads\/2022\/07\/WhatsApp-Image-2022-09-12-at-16.54.25-1024x768.jpeg 1024w, https:\/\/sofra.cologne\/wp-content\/uploads\/2022\/07\/WhatsApp-Image-2022-09-12-at-16.54.25-300x225.jpeg 300w, https:\/\/sofra.cologne\/wp-content\/uploads\/2022\/07\/WhatsApp-Image-2022-09-12-at-16.54.25-768x576.jpeg 768w, https:\/\/sofra.cologne\/wp-content\/uploads\/2022\/07\/WhatsApp-Image-2022-09-12-at-16.54.25-1536x1152.jpeg 1536w, https:\/\/sofra.cologne\/wp-content\/uploads\/2022\/07\/WhatsApp-Image-2022-09-12-at-16.54.25.jpeg 1600w\" sizes=\"auto, (max-width: 800px) 100vw, 800px\" \/>\t\t\t\t\t\t\t\t\t\t\t\t\t\t\t<\/div>\n\t\t\t\t<\/div>\n\t\t\t\t<\/div>\n\t\t\t\t\t<\/div>\n\t\t\t\t<\/div>\n\t\t<div class=\"elementor-element elementor-element-37a80b3 e-flex e-con-boxed e-con e-parent\" data-id=\"37a80b3\" data-element_type=\"container\" data-settings=\"{&quot;content_width&quot;:&quot;boxed&quot;}\" data-core-v316-plus=\"true\">\n\t\t\t\t\t<div class=\"e-con-inner\">\n\t\t\t\t<div class=\"elementor-element elementor-element-7870516 elementor-widget elementor-widget-spacer\" data-id=\"7870516\" data-element_type=\"widget\" data-widget_type=\"spacer.default\">\n\t\t\t\t<div class=\"elementor-widget-container\">\n\t\t\t\t\t<div class=\"elementor-spacer\">\n\t\t\t<div class=\"elementor-spacer-inner\"><\/div>\n\t\t<\/div>\n\t\t\t\t<\/div>\n\t\t\t\t<\/div>\n\t\t\t\t\t<\/div>\n\t\t\t\t<\/div>\n\t\t\t\t\t\t\t<\/div>","protected":false},"excerpt":{"rendered":"<p>SOFRA Guardians Du kannst uns finanziell unterst\u00fctzen, indem du einen Mitgliedsantrag stellst und dich unserer Guardians Community anschlie\u00dft, die eine entscheidende Rolle bei der F\u00f6rderung unserer Initiativen spielt. Als Guardian [&hellip;]<\/p>","protected":false},"author":2,"featured_media":0,"parent":0,"menu_order":0,"comment_status":"closed","ping_status":"closed","template":"","meta":{"footnotes":""},"class_list":["post-2909","page","type-page","status-publish","hentry"],"_links":{"self":[{"href":"https:\/\/sofra.cologne\/en\/wp-json\/wp\/v2\/pages\/2909","targetHints":{"allow":["GET"]}}],"collection":[{"href":"https:\/\/sofra.cologne\/en\/wp-json\/wp\/v2\/pages"}],"about":[{"href":"https:\/\/sofra.cologne\/en\/wp-json\/wp\/v2\/types\/page"}],"author":[{"embeddable":true,"href":"https:\/\/sofra.cologne\/en\/wp-json\/wp\/v2\/users\/2"}],"replies":[{"embeddable":true,"href":"https:\/\/sofra.cologne\/en\/wp-json\/wp\/v2\/comments?post=2909"}],"version-history":[{"count":14,"href":"https:\/\/sofra.cologne\/en\/wp-json\/wp\/v2\/pages\/2909\/revisions"}],"predecessor-version":[{"id":3227,"href":"https:\/\/sofra.cologne\/en\/wp-json\/wp\/v2\/pages\/2909\/revisions\/3227"}],"wp:attachment":[{"href":"https:\/\/sofra.cologne\/en\/wp-json\/wp\/v2\/media?parent=2909"}],"curies":[{"name":"wp","href":"https:\/\/api.w.org\/{rel}","templated":true}]}}