{"id":2899,"date":"2023-11-26T15:45:05","date_gmt":"2023-11-26T14:45:05","guid":{"rendered":"https:\/\/sofra.cologne\/?page_id=2899"},"modified":"2026-04-17T20:10:16","modified_gmt":"2026-04-17T18:10:16","slug":"sofra-heroes-2","status":"publish","type":"page","link":"https:\/\/sofra.cologne\/en\/sofra-heroes-2\/","title":{"rendered":"SOFRA Heroes"},"content":{"rendered":"<div data-elementor-type=\"wp-page\" data-elementor-id=\"2899\" class=\"elementor elementor-2899\" data-elementor-post-type=\"page\">\n\t\t\t\t\t\t\t<div class=\"elementor-element elementor-element-3cbacc3 e-flex e-con-boxed e-con e-parent\" data-id=\"3cbacc3\" data-element_type=\"container\" data-settings=\"{&quot;content_width&quot;:&quot;boxed&quot;}\" data-core-v316-plus=\"true\">\n\t\t\t\t\t<div class=\"e-con-inner\">\n\t\t\t\t<div class=\"elementor-element elementor-element-a005bda elementor-widget elementor-widget-spacer\" data-id=\"a005bda\" data-element_type=\"widget\" data-widget_type=\"spacer.default\">\n\t\t\t\t<div class=\"elementor-widget-container\">\n\t\t\t\t\t<div class=\"elementor-spacer\">\n\t\t\t<div class=\"elementor-spacer-inner\"><\/div>\n\t\t<\/div>\n\t\t\t\t<\/div>\n\t\t\t\t<\/div>\n\t\t\t\t\t<\/div>\n\t\t\t\t<\/div>\n\t\t<div class=\"elementor-element elementor-element-4179ecb e-flex e-con-boxed e-con e-parent\" data-id=\"4179ecb\" data-element_type=\"container\" data-settings=\"{&quot;content_width&quot;:&quot;boxed&quot;}\" data-core-v316-plus=\"true\">\n\t\t\t\t\t<div class=\"e-con-inner\">\n\t\t<div class=\"elementor-element elementor-element-f2ea2ae e-con-full e-flex e-con e-child\" data-id=\"f2ea2ae\" data-element_type=\"container\" data-settings=\"{&quot;content_width&quot;:&quot;full&quot;}\">\n\t\t\t\t<div class=\"elementor-element elementor-element-696503a elementor-widget elementor-widget-text-editor\" data-id=\"696503a\" data-element_type=\"widget\" data-widget_type=\"text-editor.default\">\n\t\t\t\t<div class=\"elementor-widget-container\">\n\t\t\t\t\t\t\t<p><strong>Sofra Hero werden<\/strong><\/p><p>Du willst dich in einer unserer Arbeitsgruppen engagieren und dich unseren Heroes anschlie\u00dfen, die erm\u00e4chtigende R\u00e4ume und Teilhabe erm\u00f6glichen. Egal, was deine Superkraft ist, wir bieten dir Strukturen, um diese Kraft in verschiedenen Arbeitsgruppen zu entwickeln und zu st\u00e4rken.<\/p><p>Als Hero hast du die M\u00f6glichkeit, mit anderen Menschen in Kontakt zu treten, die deine Leidenschaft f\u00fcr unsere Sache teilen. Indem du dich uns anschlie\u00dft, tr\u00e4gst du ganz wesentlich zu unserem gemeinsamen Erfolg bei und machst einen sp\u00fcrbaren Unterschied im Leben anderer. Du wirst nicht nur Teil unserer inspirierenden Reise, sondern kn\u00fcpfst auch neue Freundschaften und sammelst auf diesem Weg wertvolle Erfahrungen. Gemeinsam, als Heroes, k\u00f6nnen wir eine bessere Zukunft f\u00fcr alle schaffen.<\/p><p>Jetzt Volunteer werden \u2013 <span style=\"text-decoration: underline;\"><a href=\"https:\/\/sofra.cologne\/en\/metform-form\/volunteer-application-form\/\">F\u00fcllen Sie das Formular online aus<\/a><\/span><\/p>\t\t\t\t\t\t<\/div>\n\t\t\t\t<\/div>\n\t\t\t\t<\/div>\n\t\t<div class=\"elementor-element elementor-element-fc9db29 e-con-full e-flex e-con e-child\" data-id=\"fc9db29\" data-element_type=\"container\" data-settings=\"{&quot;content_width&quot;:&quot;full&quot;}\">\n\t\t\t\t<div class=\"elementor-element elementor-element-6de87b0 elementor-widget elementor-widget-image\" data-id=\"6de87b0\" data-element_type=\"widget\" data-widget_type=\"image.default\">\n\t\t\t\t<div class=\"elementor-widget-container\">\n\t\t\t\t\t\t\t\t\t\t\t\t\t\t\t<img loading=\"lazy\" decoding=\"async\" width=\"768\" height=\"563\" src=\"https:\/\/sofra.cologne\/wp-content\/uploads\/2022\/11\/SOFRA-Board-Member-768x563.png\" class=\"attachment-medium_large size-medium_large wp-image-2230\" alt=\"\" srcset=\"https:\/\/sofra.cologne\/wp-content\/uploads\/2022\/11\/SOFRA-Board-Member-768x563.png 768w, https:\/\/sofra.cologne\/wp-content\/uploads\/2022\/11\/SOFRA-Board-Member-300x220.png 300w, https:\/\/sofra.cologne\/wp-content\/uploads\/2022\/11\/SOFRA-Board-Member.png 978w\" sizes=\"auto, (max-width: 768px) 100vw, 768px\" \/>\t\t\t\t\t\t\t\t\t\t\t\t\t\t\t<\/div>\n\t\t\t\t<\/div>\n\t\t\t\t<\/div>\n\t\t\t\t\t<\/div>\n\t\t\t\t<\/div>\n\t\t<div class=\"elementor-element elementor-element-abbbef9 e-flex e-con-boxed e-con e-parent\" data-id=\"abbbef9\" data-element_type=\"container\" data-settings=\"{&quot;content_width&quot;:&quot;boxed&quot;}\" data-core-v316-plus=\"true\">\n\t\t\t\t\t<div class=\"e-con-inner\">\n\t\t\t\t<div class=\"elementor-element elementor-element-94c4939 elementor-widget elementor-widget-spacer\" data-id=\"94c4939\" data-element_type=\"widget\" data-widget_type=\"spacer.default\">\n\t\t\t\t<div class=\"elementor-widget-container\">\n\t\t\t\t\t<div class=\"elementor-spacer\">\n\t\t\t<div class=\"elementor-spacer-inner\"><\/div>\n\t\t<\/div>\n\t\t\t\t<\/div>\n\t\t\t\t<\/div>\n\t\t\t\t\t<\/div>\n\t\t\t\t<\/div>\n\t\t\t\t\t\t\t<\/div>","protected":false},"excerpt":{"rendered":"<p>Sofra Hero werden Du willst dich in einer unserer Arbeitsgruppen engagieren und dich unseren Heroes anschlie\u00dfen, die erm\u00e4chtigende R\u00e4ume und Teilhabe erm\u00f6glichen. Egal, was deine Superkraft ist, wir bieten dir [&hellip;]<\/p>","protected":false},"author":2,"featured_media":0,"parent":0,"menu_order":0,"comment_status":"closed","ping_status":"closed","template":"","meta":{"footnotes":""},"class_list":["post-2899","page","type-page","status-publish","hentry"],"_links":{"self":[{"href":"https:\/\/sofra.cologne\/en\/wp-json\/wp\/v2\/pages\/2899","targetHints":{"allow":["GET"]}}],"collection":[{"href":"https:\/\/sofra.cologne\/en\/wp-json\/wp\/v2\/pages"}],"about":[{"href":"https:\/\/sofra.cologne\/en\/wp-json\/wp\/v2\/types\/page"}],"author":[{"embeddable":true,"href":"https:\/\/sofra.cologne\/en\/wp-json\/wp\/v2\/users\/2"}],"replies":[{"embeddable":true,"href":"https:\/\/sofra.cologne\/en\/wp-json\/wp\/v2\/comments?post=2899"}],"version-history":[{"count":19,"href":"https:\/\/sofra.cologne\/en\/wp-json\/wp\/v2\/pages\/2899\/revisions"}],"predecessor-version":[{"id":3423,"href":"https:\/\/sofra.cologne\/en\/wp-json\/wp\/v2\/pages\/2899\/revisions\/3423"}],"wp:attachment":[{"href":"https:\/\/sofra.cologne\/en\/wp-json\/wp\/v2\/media?parent=2899"}],"curies":[{"name":"wp","href":"https:\/\/api.w.org\/{rel}","templated":true}]}}