{"id":1604,"date":"2023-10-31T14:26:49","date_gmt":"2023-10-31T13:26:49","guid":{"rendered":"https:\/\/sofra.cologne\/?page_id=1604"},"modified":"2025-06-04T13:29:18","modified_gmt":"2025-06-04T11:29:18","slug":"vernetzung-und-schulungen","status":"publish","type":"page","link":"https:\/\/sofra.cologne\/en\/vernetzung-und-schulungen\/","title":{"rendered":"Training &amp; networking"},"content":{"rendered":"<div data-elementor-type=\"wp-page\" data-elementor-id=\"1604\" class=\"elementor elementor-1604\" data-elementor-post-type=\"page\">\n\t\t\t\t\t\t\t<div class=\"elementor-element elementor-element-3238503 e-flex e-con-boxed e-con e-parent\" data-id=\"3238503\" data-element_type=\"container\" data-settings=\"{&quot;content_width&quot;:&quot;boxed&quot;}\" data-core-v316-plus=\"true\">\n\t\t\t\t\t<div class=\"e-con-inner\">\n\t\t\t\t<div class=\"elementor-element elementor-element-0109604 elementor-widget elementor-widget-heading\" data-id=\"0109604\" data-element_type=\"widget\" data-widget_type=\"heading.default\">\n\t\t\t\t<div class=\"elementor-widget-container\">\n\t\t\t<h5 class=\"elementor-heading-title elementor-size-default\">Wir suchen nach Interviewpartner*innen aus dem Feld der Migrant*innenselbstorganisationen (MSO)\n<\/h5>\t\t<\/div>\n\t\t\t\t<\/div>\n\t\t\t\t\t<\/div>\n\t\t\t\t<\/div>\n\t\t<div class=\"elementor-element elementor-element-1953fba e-flex e-con-boxed e-con e-parent\" data-id=\"1953fba\" data-element_type=\"container\" data-settings=\"{&quot;content_width&quot;:&quot;boxed&quot;}\" data-core-v316-plus=\"true\">\n\t\t\t\t\t<div class=\"e-con-inner\">\n\t\t\t\t<div class=\"elementor-element elementor-element-386d555 elementor-widget elementor-widget-text-editor\" data-id=\"386d555\" data-element_type=\"widget\" data-widget_type=\"text-editor.default\">\n\t\t\t\t<div class=\"elementor-widget-container\">\n\t\t\t\t\t\t\t<p><span class=\"TextRun SCXW38083 BCX0\" lang=\"DE-DE\" xml:lang=\"DE-DE\" data-contrast=\"none\"><span class=\"NormalTextRun SCXW38083 BCX0\"><a href=\"https:\/\/ugc.production.linktr.ee\/7a72d71f-de1a-4685-88fd-3e55db0d157c_Aufruf-LSBTQIAM-Vernetzung-MSO.pdf\">Aufruf hier<\/a>\u00a0<\/span><\/span><\/p>\t\t\t\t\t\t<\/div>\n\t\t\t\t<\/div>\n\t\t\t\t\t<\/div>\n\t\t\t\t<\/div>\n\t\t<div class=\"elementor-element elementor-element-0a18311 e-flex e-con-boxed e-con e-parent\" data-id=\"0a18311\" data-element_type=\"container\" data-settings=\"{&quot;content_width&quot;:&quot;boxed&quot;}\" data-core-v316-plus=\"true\">\n\t\t\t\t\t<div class=\"e-con-inner\">\n\t\t<div class=\"elementor-element elementor-element-c80c488 e-con-full e-flex e-con e-child\" data-id=\"c80c488\" data-element_type=\"container\" data-settings=\"{&quot;content_width&quot;:&quot;full&quot;}\">\n\t\t\t\t<div class=\"elementor-element elementor-element-1587ae8 elementor-widget elementor-widget-text-editor\" data-id=\"1587ae8\" data-element_type=\"widget\" data-widget_type=\"text-editor.default\">\n\t\t\t\t<div class=\"elementor-widget-container\">\n\t\t\t\t\t\t\t<p><span data-contrast=\"auto\">Der Verein SOFRA \u2013 Queer Migrants e.V. zielt mit dem Projekt \u201eQueer in migrantischer Selbstorganisation\u2013 Vielfalt und Geschlechtergerechtigkeit f\u00f6rdern\u201c auf die Erm\u00f6glichung, St\u00e4rkung und den Erhalt gesellschaftlicher Teilhabe von LSBTIQ+ Personen mit Migrationsbiografie und richtet sich dabei insbesondere auch an andere migrantische Selbstorganisationen.\u00a0<\/span><span data-ccp-props=\"{&quot;201341983&quot;:0,&quot;335559739&quot;:160,&quot;335559740&quot;:259}\">\u00a0<\/span><\/p><p><span data-contrast=\"auto\">Das Projekt zielt auf die Unterst\u00fctzung, Vernetzung und St\u00e4rkung von LSBTIQ+ Migrant*innen und Gefl\u00fcchteten sowie auf Kooperationen und Begegnungen im Bereich der Migrantenselbstorganisationen ab. Dabei geht es um den Einsatz gegen Diskriminierung und Rassismus wie auch die Herstellung von Geschlechtergerechtigkeit und der Auseinandersetzung mit Geschlechterrollen, Sexueller und geschlechtlicher Vielfalt. Der Schwerpunkt liegt auf Fortbildung und Vernetzung im Feld der MSO, Gewinnung von<\/span><span data-ccp-props=\"{&quot;201341983&quot;:0,&quot;335559739&quot;:160,&quot;335559740&quot;:259}\">\u00a0<\/span><\/p><p><span data-contrast=\"auto\">LSBTIQ+ Multiplikator*innen mit Einwanderungsgeschichte sowie St\u00e4rkung der Angebotsstruktur f\u00fcr die genannte Zielgruppe.<\/span><span data-ccp-props=\"{&quot;201341983&quot;:0,&quot;335559739&quot;:160,&quot;335559740&quot;:259}\">\u00a0<\/span><\/p><p><span data-ccp-props=\"{&quot;201341983&quot;:0,&quot;335559739&quot;:160,&quot;335559740&quot;:259}\">\u00a0<\/span><\/p><p><b><span data-contrast=\"auto\">Phase 1:<\/span><\/b><span data-contrast=\"auto\"> Vernetzung und Austauschangebote f\u00fcr Kooperationspartner*innen aus dem Feld der MSO<\/span><span data-ccp-props=\"{&quot;201341983&quot;:0,&quot;335559739&quot;:160,&quot;335559740&quot;:259}\">\u00a0<\/span><\/p><p><b><span data-contrast=\"auto\">Phase 2:<\/span><\/b><span data-contrast=\"auto\"> Konzeptionierung von Bildungsangeboten zur Sensibilisierung migrantischer Selbstorganisationen im Themenkomplex sexuelle und geschlechtliche Vielfalt und Geschlechtergerechtigkeit<\/span><span data-ccp-props=\"{&quot;201341983&quot;:0,&quot;335559739&quot;:160,&quot;335559740&quot;:259}\">\u00a0<\/span><\/p><p><b><span data-contrast=\"auto\">Phase 3:<\/span><\/b><span data-contrast=\"auto\"> Durchf\u00fchrung von Schulungen und Angeboten zur Gewinnung\/Anbindung, St\u00e4rkung und Professionalisierung von LSBTIQ+ Multiplikator*innen mit Migrationsbiografie.<\/span><span data-ccp-props=\"{&quot;201341983&quot;:0,&quot;335559739&quot;:160,&quot;335559740&quot;:259}\">\u00a0<\/span><\/p><p><span data-ccp-props=\"{&quot;201341983&quot;:0,&quot;335559739&quot;:160,&quot;335559740&quot;:259}\">\u00a0<\/span><\/p>\t\t\t\t\t\t<\/div>\n\t\t\t\t<\/div>\n\t\t\t\t<\/div>\n\t\t<div class=\"elementor-element elementor-element-a36a00c e-con-full e-flex e-con e-child\" data-id=\"a36a00c\" data-element_type=\"container\" data-settings=\"{&quot;content_width&quot;:&quot;full&quot;}\">\n\t\t<div class=\"elementor-element elementor-element-8bfe835 e-flex e-con-boxed e-con e-child\" data-id=\"8bfe835\" data-element_type=\"container\" data-settings=\"{&quot;content_width&quot;:&quot;boxed&quot;}\">\n\t\t\t\t\t<div class=\"e-con-inner\">\n\t\t\t\t<div class=\"elementor-element elementor-element-97fddb5 elementor-widget elementor-widget-image\" data-id=\"97fddb5\" data-element_type=\"widget\" data-widget_type=\"image.default\">\n\t\t\t\t<div class=\"elementor-widget-container\">\n\t\t\t\t\t\t\t\t\t\t\t\t\t\t\t<img loading=\"lazy\" decoding=\"async\" width=\"800\" height=\"450\" src=\"https:\/\/sofra.cologne\/wp-content\/uploads\/2023\/11\/header-alle-leer-1024x576.jpg\" class=\"attachment-large size-large wp-image-2268\" alt=\"\" srcset=\"https:\/\/sofra.cologne\/wp-content\/uploads\/2023\/11\/header-alle-leer-1024x576.jpg 1024w, https:\/\/sofra.cologne\/wp-content\/uploads\/2023\/11\/header-alle-leer-300x169.jpg 300w, https:\/\/sofra.cologne\/wp-content\/uploads\/2023\/11\/header-alle-leer-768x432.jpg 768w, https:\/\/sofra.cologne\/wp-content\/uploads\/2023\/11\/header-alle-leer-1536x864.jpg 1536w, https:\/\/sofra.cologne\/wp-content\/uploads\/2023\/11\/header-alle-leer-2048x1152.jpg 2048w\" sizes=\"auto, (max-width: 800px) 100vw, 800px\" \/>\t\t\t\t\t\t\t\t\t\t\t\t\t\t\t<\/div>\n\t\t\t\t<\/div>\n\t\t\t\t<div class=\"elementor-element elementor-element-dd315b5 elementor-widget elementor-widget-image\" data-id=\"dd315b5\" data-element_type=\"widget\" data-widget_type=\"image.default\">\n\t\t\t\t<div class=\"elementor-widget-container\">\n\t\t\t\t\t\t\t\t\t\t\t\t\t\t\t<img loading=\"lazy\" decoding=\"async\" width=\"800\" height=\"534\" src=\"https:\/\/sofra.cologne\/wp-content\/uploads\/2023\/11\/Queer-Rainbow-Family-Charity-Event-24.06.23-042-1024x683.jpg\" class=\"attachment-large size-large wp-image-2701\" alt=\"\" srcset=\"https:\/\/sofra.cologne\/wp-content\/uploads\/2023\/11\/Queer-Rainbow-Family-Charity-Event-24.06.23-042-1024x683.jpg 1024w, https:\/\/sofra.cologne\/wp-content\/uploads\/2023\/11\/Queer-Rainbow-Family-Charity-Event-24.06.23-042-300x200.jpg 300w, https:\/\/sofra.cologne\/wp-content\/uploads\/2023\/11\/Queer-Rainbow-Family-Charity-Event-24.06.23-042-768x512.jpg 768w, https:\/\/sofra.cologne\/wp-content\/uploads\/2023\/11\/Queer-Rainbow-Family-Charity-Event-24.06.23-042-1536x1024.jpg 1536w, https:\/\/sofra.cologne\/wp-content\/uploads\/2023\/11\/Queer-Rainbow-Family-Charity-Event-24.06.23-042-2048x1365.jpg 2048w\" sizes=\"auto, (max-width: 800px) 100vw, 800px\" \/>\t\t\t\t\t\t\t\t\t\t\t\t\t\t\t<\/div>\n\t\t\t\t<\/div>\n\t\t\t\t\t<\/div>\n\t\t\t\t<\/div>\n\t\t\t\t<\/div>\n\t\t\t\t\t<\/div>\n\t\t\t\t<\/div>\n\t\t<div class=\"elementor-element elementor-element-fb6a07f e-flex e-con-boxed e-con e-parent\" data-id=\"fb6a07f\" data-element_type=\"container\" data-settings=\"{&quot;content_width&quot;:&quot;boxed&quot;}\" data-core-v316-plus=\"true\">\n\t\t\t\t\t<div class=\"e-con-inner\">\n\t\t\t\t<div class=\"elementor-element elementor-element-d1f1b1f elementor-widget elementor-widget-spacer\" data-id=\"d1f1b1f\" data-element_type=\"widget\" data-widget_type=\"spacer.default\">\n\t\t\t\t<div class=\"elementor-widget-container\">\n\t\t\t\t\t<div class=\"elementor-spacer\">\n\t\t\t<div class=\"elementor-spacer-inner\"><\/div>\n\t\t<\/div>\n\t\t\t\t<\/div>\n\t\t\t\t<\/div>\n\t\t\t\t\t<\/div>\n\t\t\t\t<\/div>\n\t\t<div class=\"elementor-element elementor-element-6b8abc4 e-flex e-con-boxed e-con e-parent\" data-id=\"6b8abc4\" data-element_type=\"container\" data-settings=\"{&quot;content_width&quot;:&quot;boxed&quot;}\" data-core-v316-plus=\"true\">\n\t\t\t\t\t<div class=\"e-con-inner\">\n\t\t\t\t\t<\/div>\n\t\t\t\t<\/div>\n\t\t<div class=\"elementor-element elementor-element-320171d e-flex e-con-boxed e-con e-parent\" data-id=\"320171d\" data-element_type=\"container\" data-settings=\"{&quot;content_width&quot;:&quot;boxed&quot;}\" data-core-v316-plus=\"true\">\n\t\t\t\t\t<div class=\"e-con-inner\">\n\t\t<div class=\"elementor-element elementor-element-c79073c e-con-full e-flex e-con e-child\" data-id=\"c79073c\" data-element_type=\"container\" data-settings=\"{&quot;content_width&quot;:&quot;full&quot;}\">\n\t\t<div class=\"elementor-element elementor-element-013b13e e-con-full e-flex e-con e-child\" data-id=\"013b13e\" data-element_type=\"container\" data-settings=\"{&quot;content_width&quot;:&quot;full&quot;}\">\n\t\t\t\t<\/div>\n\t\t\t\t<\/div>\n\t\t\t\t\t<\/div>\n\t\t\t\t<\/div>\n\t\t<div class=\"elementor-element elementor-element-746c78e e-flex e-con-boxed e-con e-parent\" data-id=\"746c78e\" data-element_type=\"container\" data-settings=\"{&quot;content_width&quot;:&quot;boxed&quot;}\" data-core-v316-plus=\"true\">\n\t\t\t\t\t<div class=\"e-con-inner\">\n\t\t\t\t<div class=\"elementor-element elementor-element-81e5239 elementor-widget elementor-widget-spacer\" data-id=\"81e5239\" data-element_type=\"widget\" data-widget_type=\"spacer.default\">\n\t\t\t\t<div class=\"elementor-widget-container\">\n\t\t\t\t\t<div class=\"elementor-spacer\">\n\t\t\t<div class=\"elementor-spacer-inner\"><\/div>\n\t\t<\/div>\n\t\t\t\t<\/div>\n\t\t\t\t<\/div>\n\t\t\t\t\t<\/div>\n\t\t\t\t<\/div>\n\t\t<div class=\"elementor-element elementor-element-248b05f e-flex e-con-boxed e-con e-parent\" data-id=\"248b05f\" data-element_type=\"container\" data-settings=\"{&quot;content_width&quot;:&quot;boxed&quot;}\" data-core-v316-plus=\"true\">\n\t\t\t\t\t<div class=\"e-con-inner\">\n\t\t\t\t<div class=\"elementor-element elementor-element-17bff44 elementor-widget elementor-widget-spacer\" data-id=\"17bff44\" data-element_type=\"widget\" data-widget_type=\"spacer.default\">\n\t\t\t\t<div class=\"elementor-widget-container\">\n\t\t\t\t\t<div class=\"elementor-spacer\">\n\t\t\t<div class=\"elementor-spacer-inner\"><\/div>\n\t\t<\/div>\n\t\t\t\t<\/div>\n\t\t\t\t<\/div>\n\t\t\t\t\t<\/div>\n\t\t\t\t<\/div>\n\t\t\t\t\t\t\t<\/div>","protected":false},"excerpt":{"rendered":"<p>Wir suchen nach Interviewpartner*innen aus dem Feld der Migrant*innenselbstorganisationen (MSO) Aufruf hier\u00a0 Der Verein SOFRA \u2013 Queer Migrants e.V. zielt mit dem Projekt \u201eQueer in migrantischer Selbstorganisation\u2013 Vielfalt und Geschlechtergerechtigkeit [&hellip;]<\/p>","protected":false},"author":2,"featured_media":0,"parent":0,"menu_order":0,"comment_status":"closed","ping_status":"closed","template":"","meta":{"footnotes":""},"class_list":["post-1604","page","type-page","status-publish","hentry"],"_links":{"self":[{"href":"https:\/\/sofra.cologne\/en\/wp-json\/wp\/v2\/pages\/1604","targetHints":{"allow":["GET"]}}],"collection":[{"href":"https:\/\/sofra.cologne\/en\/wp-json\/wp\/v2\/pages"}],"about":[{"href":"https:\/\/sofra.cologne\/en\/wp-json\/wp\/v2\/types\/page"}],"author":[{"embeddable":true,"href":"https:\/\/sofra.cologne\/en\/wp-json\/wp\/v2\/users\/2"}],"replies":[{"embeddable":true,"href":"https:\/\/sofra.cologne\/en\/wp-json\/wp\/v2\/comments?post=1604"}],"version-history":[{"count":25,"href":"https:\/\/sofra.cologne\/en\/wp-json\/wp\/v2\/pages\/1604\/revisions"}],"predecessor-version":[{"id":3142,"href":"https:\/\/sofra.cologne\/en\/wp-json\/wp\/v2\/pages\/1604\/revisions\/3142"}],"wp:attachment":[{"href":"https:\/\/sofra.cologne\/en\/wp-json\/wp\/v2\/media?parent=1604"}],"curies":[{"name":"wp","href":"https:\/\/api.w.org\/{rel}","templated":true}]}}