{"id":1602,"date":"2023-10-31T14:26:49","date_gmt":"2023-10-31T13:26:49","guid":{"rendered":"https:\/\/sofra.cologne\/?page_id=1602"},"modified":"2026-04-17T20:24:57","modified_gmt":"2026-04-17T18:24:57","slug":"mach-mit","status":"publish","type":"page","link":"https:\/\/sofra.cologne\/en\/mach-mit\/","title":{"rendered":"Join in"},"content":{"rendered":"<div data-elementor-type=\"wp-page\" data-elementor-id=\"1602\" class=\"elementor elementor-1602\" data-elementor-post-type=\"page\">\n\t\t\t\t\t\t\t<div class=\"elementor-element elementor-element-425940c e-flex e-con-boxed e-con e-parent\" data-id=\"425940c\" data-element_type=\"container\" data-settings=\"{&quot;content_width&quot;:&quot;boxed&quot;}\" data-core-v316-plus=\"true\">\n\t\t\t\t\t<div class=\"e-con-inner\">\n\t\t\t\t<div class=\"elementor-element elementor-element-c27e054 elementor-widget elementor-widget-heading\" data-id=\"c27e054\" data-element_type=\"widget\" data-widget_type=\"heading.default\">\n\t\t\t\t<div class=\"elementor-widget-container\">\n\t\t\t<h1 class=\"elementor-heading-title elementor-size-xl\">UNTERST\u00dcTZE UNSERE ARBEIT <\/h1>\t\t<\/div>\n\t\t\t\t<\/div>\n\t\t\t\t\t<\/div>\n\t\t\t\t<\/div>\n\t\t<div class=\"elementor-element elementor-element-898423d e-flex e-con-boxed e-con e-parent\" data-id=\"898423d\" data-element_type=\"container\" data-settings=\"{&quot;content_width&quot;:&quot;boxed&quot;}\" data-core-v316-plus=\"true\">\n\t\t\t\t\t<div class=\"e-con-inner\">\n\t\t<div class=\"elementor-element elementor-element-405c353 e-con-full e-flex e-con e-child\" data-id=\"405c353\" data-element_type=\"container\" data-settings=\"{&quot;content_width&quot;:&quot;full&quot;}\">\n\t\t\t\t<div class=\"elementor-element elementor-element-c652aa1 elementor-widget elementor-widget-elementskit-team\" data-id=\"c652aa1\" data-element_type=\"widget\" data-widget_type=\"elementskit-team.default\">\n\t\t\t\t<div class=\"elementor-widget-container\">\n\t\t\t<div class=\"ekit-wid-con\">\n\t\t\t\t\t\t\t\t\t\t\t\t\t\t\t <div class=\"style-circle ekit-team-img-fit\"> \t\t\t\t\t\t\t\t\t<div class=\"profile-image-card elementor-animation- ekit-team-img ekit-team-style-overlay_circle text-center\">\n\n\t\t\t\t\t\t\t\t\t\t\t\t\t<img loading=\"lazy\" decoding=\"async\" width=\"800\" height=\"534\" src=\"https:\/\/sofra.cologne\/wp-content\/uploads\/2023\/11\/SOFRA-Cologne_c_MKFFI_KommAn_NRW_Foto_www-joerg-dicke-de_4-1024x683.jpg\" class=\"attachment-large size-large wp-image-2699\" alt=\"\" srcset=\"https:\/\/sofra.cologne\/wp-content\/uploads\/2023\/11\/SOFRA-Cologne_c_MKFFI_KommAn_NRW_Foto_www-joerg-dicke-de_4-1024x683.jpg 1024w, https:\/\/sofra.cologne\/wp-content\/uploads\/2023\/11\/SOFRA-Cologne_c_MKFFI_KommAn_NRW_Foto_www-joerg-dicke-de_4-300x200.jpg 300w, https:\/\/sofra.cologne\/wp-content\/uploads\/2023\/11\/SOFRA-Cologne_c_MKFFI_KommAn_NRW_Foto_www-joerg-dicke-de_4-768x513.jpg 768w, https:\/\/sofra.cologne\/wp-content\/uploads\/2023\/11\/SOFRA-Cologne_c_MKFFI_KommAn_NRW_Foto_www-joerg-dicke-de_4-1536x1025.jpg 1536w, https:\/\/sofra.cologne\/wp-content\/uploads\/2023\/11\/SOFRA-Cologne_c_MKFFI_KommAn_NRW_Foto_www-joerg-dicke-de_4-2048x1367.jpg 2048w\" sizes=\"auto, (max-width: 800px) 100vw, 800px\" \/>\t\t\t\t\t\t\t\t\t\t\t\t<div class=\"hover-area\">\n\t\t\t\t\t\t\t<div class=\"profile-body\">\n\t\t\t\t\t\t\t\t<h2 class=\"profile-title\">\n\t\t\t\t\t\t\t\t\t\t\t\t\t\t\t\t\tSAFER Space \t\t\t\t\t\t\t\t\t\t\t\t\t\t\t\t<\/h2>\n\t\t\t\t\t\t\t\t<p class=\"profile-designation\">FLINTA*<\/p>\n\t\t\t\t\t\t\t\t\t\t\t\t\t\t\t<\/div>\n\t\t\t\t\t\t\t\t\t\t\t\t\t<\/div>\n\t\t\t\t\t<\/div>\n\t\t\t\t\t <\/div> \n\t\t\t\t\n\t\t\t\t<\/div>\t\t<\/div>\n\t\t\t\t<\/div>\n\t\t\t\t<\/div>\n\t\t<div class=\"elementor-element elementor-element-33b417f e-con-full e-flex e-con e-child\" data-id=\"33b417f\" data-element_type=\"container\" data-settings=\"{&quot;content_width&quot;:&quot;full&quot;}\">\n\t\t\t\t<div class=\"elementor-element elementor-element-3d7e7a4 elementor-widget elementor-widget-elementskit-team\" data-id=\"3d7e7a4\" data-element_type=\"widget\" data-widget_type=\"elementskit-team.default\">\n\t\t\t\t<div class=\"elementor-widget-container\">\n\t\t\t<div class=\"ekit-wid-con\">\n\t\t\t\t\t\t\t\t\t\t\t\t\t\t\t <div class=\"style-circle ekit-team-img-fit\"> \t\t\t\t\t\t\t\t\t<div class=\"profile-image-card elementor-animation- ekit-team-img ekit-team-style-overlay_circle text-center\">\n\n\t\t\t\t\t\t\t\t\t\t\t\t\t<img loading=\"lazy\" decoding=\"async\" width=\"800\" height=\"600\" src=\"https:\/\/sofra.cologne\/wp-content\/uploads\/2023\/12\/WhatsApp-Image-2023-12-05-at-14.54.48-1024x768.jpeg\" class=\"attachment-large size-large wp-image-2950\" alt=\"\" srcset=\"https:\/\/sofra.cologne\/wp-content\/uploads\/2023\/12\/WhatsApp-Image-2023-12-05-at-14.54.48-1024x768.jpeg 1024w, https:\/\/sofra.cologne\/wp-content\/uploads\/2023\/12\/WhatsApp-Image-2023-12-05-at-14.54.48-300x225.jpeg 300w, https:\/\/sofra.cologne\/wp-content\/uploads\/2023\/12\/WhatsApp-Image-2023-12-05-at-14.54.48-768x576.jpeg 768w, https:\/\/sofra.cologne\/wp-content\/uploads\/2023\/12\/WhatsApp-Image-2023-12-05-at-14.54.48.jpeg 1290w\" sizes=\"auto, (max-width: 800px) 100vw, 800px\" \/>\t\t\t\t\t\t\t\t\t\t\t\t<div class=\"hover-area\">\n\t\t\t\t\t\t\t<div class=\"profile-body\">\n\t\t\t\t\t\t\t\t<h2 class=\"profile-title\">\n\t\t\t\t\t\t\t\t\t\t\t\t\t\t\t\t\tInfo Stand\t\t\t\t\t\t\t\t\t\t\t\t\t\t\t\t<\/h2>\n\t\t\t\t\t\t\t\t<p class=\"profile-designation\"><\/p>\n\t\t\t\t\t\t\t\t\t\t\t\t\t\t\t<\/div>\n\t\t\t\t\t\t\t\t\t\t\t\t\t<\/div>\n\t\t\t\t\t<\/div>\n\t\t\t\t\t <\/div> \n\t\t\t\t\n\t\t\t\t<\/div>\t\t<\/div>\n\t\t\t\t<\/div>\n\t\t\t\t<\/div>\n\t\t<div class=\"elementor-element elementor-element-9409cbc e-con-full e-flex e-con e-child\" data-id=\"9409cbc\" data-element_type=\"container\" data-settings=\"{&quot;content_width&quot;:&quot;full&quot;}\">\n\t\t\t\t<div class=\"elementor-element elementor-element-28d6955 elementor-widget elementor-widget-elementskit-team\" data-id=\"28d6955\" data-element_type=\"widget\" data-widget_type=\"elementskit-team.default\">\n\t\t\t\t<div class=\"elementor-widget-container\">\n\t\t\t<div class=\"ekit-wid-con\">\n\t\t\t\t\t\t\t\t\t\t\t\t\t\t\t <div class=\"style-circle ekit-team-img-fit\"> \t\t\t\t\t\t\t\t\t<div class=\"profile-image-card elementor-animation- ekit-team-img ekit-team-style-overlay_circle text-center\">\n\n\t\t\t\t\t\t\t\t\t\t\t\t\t<img loading=\"lazy\" decoding=\"async\" width=\"800\" height=\"600\" src=\"https:\/\/sofra.cologne\/wp-content\/uploads\/2023\/12\/WhatsApp-Image-2023-12-05-at-14.58.52.jpeg\" class=\"attachment-large size-large wp-image-2956\" alt=\"\" srcset=\"https:\/\/sofra.cologne\/wp-content\/uploads\/2023\/12\/WhatsApp-Image-2023-12-05-at-14.58.52.jpeg 1024w, https:\/\/sofra.cologne\/wp-content\/uploads\/2023\/12\/WhatsApp-Image-2023-12-05-at-14.58.52-300x225.jpeg 300w, https:\/\/sofra.cologne\/wp-content\/uploads\/2023\/12\/WhatsApp-Image-2023-12-05-at-14.58.52-768x576.jpeg 768w\" sizes=\"auto, (max-width: 800px) 100vw, 800px\" \/>\t\t\t\t\t\t\t\t\t\t\t\t<div class=\"hover-area\">\n\t\t\t\t\t\t\t<div class=\"profile-body\">\n\t\t\t\t\t\t\t\t<h2 class=\"profile-title\">\n\t\t\t\t\t\t\t\t\t\t\t\t\t\t\t\t\tCSD - Pride\t\t\t\t\t\t\t\t\t\t\t\t\t\t\t\t<\/h2>\n\t\t\t\t\t\t\t\t<p class=\"profile-designation\"><\/p>\n\t\t\t\t\t\t\t\t\t\t\t\t\t\t\t<\/div>\n\t\t\t\t\t\t\t\t\t\t\t\t\t<\/div>\n\t\t\t\t\t<\/div>\n\t\t\t\t\t <\/div> \n\t\t\t\t\n\t\t\t\t<\/div>\t\t<\/div>\n\t\t\t\t<\/div>\n\t\t\t\t<\/div>\n\t\t<div class=\"elementor-element elementor-element-6f3c739 e-con-full e-flex e-con e-child\" data-id=\"6f3c739\" data-element_type=\"container\" data-settings=\"{&quot;content_width&quot;:&quot;full&quot;}\">\n\t\t\t\t<div class=\"elementor-element elementor-element-7d08714 elementor-widget elementor-widget-elementskit-team\" data-id=\"7d08714\" data-element_type=\"widget\" data-widget_type=\"elementskit-team.default\">\n\t\t\t\t<div class=\"elementor-widget-container\">\n\t\t\t<div class=\"ekit-wid-con\">\n\t\t\t\t\t\t\t\t\t\t\t\t\t\t\t <div class=\"style-circle ekit-team-img-fit\"> \t\t\t\t\t\t\t\t\t<div class=\"profile-image-card elementor-animation- ekit-team-img ekit-team-style-overlay_circle text-center\">\n\n\t\t\t\t\t\t\t\t\t\t\t\t\t<img loading=\"lazy\" decoding=\"async\" width=\"682\" height=\"1024\" src=\"https:\/\/sofra.cologne\/wp-content\/uploads\/2023\/11\/IMG_7958-682x1024.jpg\" class=\"attachment-large size-large wp-image-2713\" alt=\"\" srcset=\"https:\/\/sofra.cologne\/wp-content\/uploads\/2023\/11\/IMG_7958-682x1024.jpg 682w, https:\/\/sofra.cologne\/wp-content\/uploads\/2023\/11\/IMG_7958-200x300.jpg 200w, https:\/\/sofra.cologne\/wp-content\/uploads\/2023\/11\/IMG_7958-768x1153.jpg 768w, https:\/\/sofra.cologne\/wp-content\/uploads\/2023\/11\/IMG_7958-1023x1536.jpg 1023w, https:\/\/sofra.cologne\/wp-content\/uploads\/2023\/11\/IMG_7958.jpg 1290w\" sizes=\"auto, (max-width: 682px) 100vw, 682px\" \/>\t\t\t\t\t\t\t\t\t\t\t\t<div class=\"hover-area\">\n\t\t\t\t\t\t\t<div class=\"profile-body\">\n\t\t\t\t\t\t\t\t<h2 class=\"profile-title\">\n\t\t\t\t\t\t\t\t\t\t\t\t\t\t\t\t\toffene Treffen\t\t\t\t\t\t\t\t\t\t\t\t\t\t\t\t<\/h2>\n\t\t\t\t\t\t\t\t<p class=\"profile-designation\"><\/p>\n\t\t\t\t\t\t\t\t\t\t\t\t\t\t\t<\/div>\n\t\t\t\t\t\t\t\t\t\t\t\t\t<\/div>\n\t\t\t\t\t<\/div>\n\t\t\t\t\t <\/div> \n\t\t\t\t\n\t\t\t\t<\/div>\t\t<\/div>\n\t\t\t\t<\/div>\n\t\t\t\t<\/div>\n\t\t\t\t\t<\/div>\n\t\t\t\t<\/div>\n\t\t<div class=\"elementor-element elementor-element-0a3f056 e-flex e-con-boxed e-con e-parent\" data-id=\"0a3f056\" data-element_type=\"container\" data-settings=\"{&quot;content_width&quot;:&quot;boxed&quot;}\" data-core-v316-plus=\"true\">\n\t\t\t\t\t<div class=\"e-con-inner\">\n\t\t\t\t<div class=\"elementor-element elementor-element-f3a81a6 elementor-widget elementor-widget-text-editor\" data-id=\"f3a81a6\" data-element_type=\"widget\" data-widget_type=\"text-editor.default\">\n\t\t\t\t<div class=\"elementor-widget-container\">\n\t\t\t\t\t\t\t<p>SOFRA &#8211; Queer Migrants e.V. ist die erste von queeren Gefl\u00fcchteten gef\u00fchrte Organisation in Deutschland, die durch die Zusammenarbeit von &#8222;Rainbow Refugees Cologne Support Group e.V.&#8220; und dem selbstorganisierten Kollektiv von und f\u00fcr LSBTIQ+ Gefl\u00fcchtete und Migrant*innen, SOFRA Cologne, entstanden ist.<\/p><p>Unser Verein setzt sich daf\u00fcr ein, LSBTIQ + Menschen mit Migrations- oder Fluchtbiografie in allen Belangen zu unterst\u00fctzen und bietet ein sicheres und erm\u00e4chtigendes Umfeld. Wir bem\u00fchen uns, T\u00fcren zu \u00f6ffnen und Chancen zu schaffen, die queeren migrantischen Communities zu st\u00e4rken.<\/p><p>Das Engagement unserer Freiwilligen und die best\u00e4ndige Unterst\u00fctzung durch unsere Mitglieder bilden die Grundlage f\u00fcr unsere St\u00e4rke und Effektivit\u00e4t.<\/p><p>Wir laden dich ein, uns bei unserer Mission, uns f\u00fcr Akzeptanz und Sichtbarkeit einzusetzen, zu unterst\u00fctzen. Informiere dich und engagiere dich mit uns, um einen positiven Beitrag zu leisten. Es gibt verschiedene M\u00f6glichkeiten, wie du dich f\u00fcr queere Migrant*innen und Gefl\u00fcchtete einsetzen kannst.<\/p><p><a href=\"https:\/\/sofra.cologne\/wp-content\/uploads\/2024\/01\/1.Satzung_SOFRA_04_11_22.pdf\"><span style=\"text-decoration: underline;\">SOFRA &#8211; Queer Migrants e.V. Satzung <\/span><\/a><\/p>\t\t\t\t\t\t<\/div>\n\t\t\t\t<\/div>\n\t\t\t\t\t<\/div>\n\t\t\t\t<\/div>\n\t\t<div class=\"elementor-element elementor-element-fc62d2e e-flex e-con-boxed e-con e-parent\" data-id=\"fc62d2e\" data-element_type=\"container\" data-settings=\"{&quot;content_width&quot;:&quot;boxed&quot;}\" data-core-v316-plus=\"true\">\n\t\t\t\t\t<div class=\"e-con-inner\">\n\t\t\t\t<div class=\"elementor-element elementor-element-b830eac elementor-widget elementor-widget-spacer\" data-id=\"b830eac\" data-element_type=\"widget\" data-widget_type=\"spacer.default\">\n\t\t\t\t<div class=\"elementor-widget-container\">\n\t\t\t\t\t<div class=\"elementor-spacer\">\n\t\t\t<div class=\"elementor-spacer-inner\"><\/div>\n\t\t<\/div>\n\t\t\t\t<\/div>\n\t\t\t\t<\/div>\n\t\t\t\t\t<\/div>\n\t\t\t\t<\/div>\n\t\t<div class=\"elementor-element elementor-element-60635d4 e-flex e-con-boxed e-con e-parent\" data-id=\"60635d4\" data-element_type=\"container\" data-settings=\"{&quot;content_width&quot;:&quot;boxed&quot;}\" data-core-v316-plus=\"true\">\n\t\t\t\t\t<div class=\"e-con-inner\">\n\t\t<div class=\"elementor-element elementor-element-afc202f e-con-full e-flex e-con e-child\" data-id=\"afc202f\" data-element_type=\"container\" data-settings=\"{&quot;content_width&quot;:&quot;full&quot;}\">\n\t\t\t\t<div class=\"elementor-element elementor-element-6e19ba2 elementor-cta--skin-classic elementor-animated-content elementor-bg-transform elementor-bg-transform-zoom-in elementor-widget elementor-widget-call-to-action\" data-id=\"6e19ba2\" data-element_type=\"widget\" data-widget_type=\"call-to-action.default\">\n\t\t\t\t<div class=\"elementor-widget-container\">\n\t\t\t\t\t<div class=\"elementor-cta\">\n\t\t\t\t\t<div class=\"elementor-cta__bg-wrapper\">\n\t\t\t\t<div class=\"elementor-cta__bg elementor-bg\" style=\"background-image: url(https:\/\/sofra.cologne\/wp-content\/uploads\/2023\/11\/IMG_7961-1024x1014.jpg);\" role=\"img\" aria-label=\"IMG_7961\"><\/div>\n\t\t\t\t<div class=\"elementor-cta__bg-overlay\"><\/div>\n\t\t\t<\/div>\n\t\t\t\t\t\t\t<div class=\"elementor-cta__content\">\n\t\t\t\t\n\t\t\t\t\t\t\t\t\t<h2 class=\"elementor-cta__title elementor-cta__content-item elementor-content-item\">\n\t\t\t\t\t\tSOFRA Heroes\t\t\t\t\t<\/h2>\n\t\t\t\t\n\t\t\t\t\t\t\t\t\t<div class=\"elementor-cta__description elementor-cta__content-item elementor-content-item\">\n\t\t\t\t\t\tDu willst dich in einer unserer Arbeitsgruppen engagieren und dich unseren Heroes anschlie\u00dfen\t\t\t\t\t<\/div>\n\t\t\t\t\n\t\t\t\t\t\t\t\t\t<div class=\"elementor-cta__button-wrapper elementor-cta__content-item elementor-content-item\">\n\t\t\t\t\t<a class=\"elementor-cta__button elementor-button elementor-size-sm\" href=\"https:\/\/sofra.cologne\/en\/sofra-heroes-2\/\">\n\t\t\t\t\t\tHero werden\t\t\t\t\t<\/a>\n\t\t\t\t\t<\/div>\n\t\t\t\t\t\t\t<\/div>\n\t\t\t\t\t\t<\/div>\n\t\t\t\t<\/div>\n\t\t\t\t<\/div>\n\t\t\t\t<\/div>\n\t\t<div class=\"elementor-element elementor-element-4d74110 e-con-full e-flex e-con e-child\" data-id=\"4d74110\" data-element_type=\"container\" data-settings=\"{&quot;content_width&quot;:&quot;full&quot;}\">\n\t\t\t\t<div class=\"elementor-element elementor-element-5dc0456 elementor-cta--skin-classic elementor-animated-content elementor-bg-transform elementor-bg-transform-zoom-in elementor-widget elementor-widget-call-to-action\" data-id=\"5dc0456\" data-element_type=\"widget\" data-widget_type=\"call-to-action.default\">\n\t\t\t\t<div class=\"elementor-widget-container\">\n\t\t\t\t\t<div class=\"elementor-cta\">\n\t\t\t\t\t<div class=\"elementor-cta__bg-wrapper\">\n\t\t\t\t<div class=\"elementor-cta__bg elementor-bg\" style=\"background-image: url(https:\/\/sofra.cologne\/wp-content\/uploads\/2023\/11\/IMG_7962-1024x1015.jpg);\" role=\"img\" aria-label=\"IMG_7962\"><\/div>\n\t\t\t\t<div class=\"elementor-cta__bg-overlay\"><\/div>\n\t\t\t<\/div>\n\t\t\t\t\t\t\t<div class=\"elementor-cta__content\">\n\t\t\t\t\n\t\t\t\t\t\t\t\t\t<h2 class=\"elementor-cta__title elementor-cta__content-item elementor-content-item\">\n\t\t\t\t\t\tSOFRA Guardians\t\t\t\t\t<\/h2>\n\t\t\t\t\n\t\t\t\t\t\t\t\t\t<div class=\"elementor-cta__description elementor-cta__content-item elementor-content-item\">\n\t\t\t\t\t\tDu willst uns finanziell unterst\u00fctzen, indem du einen Mitgliedsantrag stellst\n\n\t\t\t\t\t<\/div>\n\t\t\t\t\n\t\t\t\t\t\t\t\t\t<div class=\"elementor-cta__button-wrapper elementor-cta__content-item elementor-content-item\">\n\t\t\t\t\t<a class=\"elementor-cta__button elementor-button elementor-size-sm\" href=\"https:\/\/sofra.cologne\/en\/sofra-gurdians\/\">\n\t\t\t\t\t\tGuardian werden\t\t\t\t\t<\/a>\n\t\t\t\t\t<\/div>\n\t\t\t\t\t\t\t<\/div>\n\t\t\t\t\t\t<\/div>\n\t\t\t\t<\/div>\n\t\t\t\t<\/div>\n\t\t\t\t<\/div>\n\t\t<div class=\"elementor-element elementor-element-f352f5c e-con-full e-flex e-con e-child\" data-id=\"f352f5c\" data-element_type=\"container\" data-settings=\"{&quot;content_width&quot;:&quot;full&quot;}\">\n\t\t\t\t<div class=\"elementor-element elementor-element-2690d80 elementor-cta--skin-classic elementor-animated-content elementor-bg-transform elementor-bg-transform-zoom-in elementor-widget elementor-widget-call-to-action\" data-id=\"2690d80\" data-element_type=\"widget\" data-widget_type=\"call-to-action.default\">\n\t\t\t\t<div class=\"elementor-widget-container\">\n\t\t\t\t\t<div class=\"elementor-cta\">\n\t\t\t\t\t<div class=\"elementor-cta__bg-wrapper\">\n\t\t\t\t<div class=\"elementor-cta__bg elementor-bg\" style=\"background-image: url(https:\/\/sofra.cologne\/wp-content\/uploads\/2023\/11\/IMG_7963-1024x1014.jpg);\" role=\"img\" aria-label=\"IMG_7963\"><\/div>\n\t\t\t\t<div class=\"elementor-cta__bg-overlay\"><\/div>\n\t\t\t<\/div>\n\t\t\t\t\t\t\t<div class=\"elementor-cta__content\">\n\t\t\t\t\n\t\t\t\t\t\t\t\t\t<h2 class=\"elementor-cta__title elementor-cta__content-item elementor-content-item\">\n\t\t\t\t\t\tSOFRA Dream Makers\t\t\t\t\t<\/h2>\n\t\t\t\t\n\t\t\t\t\t\t\t\t\t<div class=\"elementor-cta__description elementor-cta__content-item elementor-content-item\">\n\t\t\t\t\t\tDu willst uns finanziell unterst\u00fctzen, indem du einer F\u00f6rdermitgliedschaft stellst \t\t\t\t\t<\/div>\n\t\t\t\t\n\t\t\t\t\t\t\t\t\t<div class=\"elementor-cta__button-wrapper elementor-cta__content-item elementor-content-item\">\n\t\t\t\t\t<a class=\"elementor-cta__button elementor-button elementor-size-sm\" href=\"https:\/\/sofra.cologne\/en\/sofra-dream-makers\/\">\n\t\t\t\t\t\tDream Maker werden\t\t\t\t\t<\/a>\n\t\t\t\t\t<\/div>\n\t\t\t\t\t\t\t<\/div>\n\t\t\t\t\t\t<\/div>\n\t\t\t\t<\/div>\n\t\t\t\t<\/div>\n\t\t\t\t<\/div>\n\t\t\t\t\t<\/div>\n\t\t\t\t<\/div>\n\t\t<div class=\"elementor-element elementor-element-dc7d0d3 e-flex e-con-boxed e-con e-parent\" data-id=\"dc7d0d3\" data-element_type=\"container\" data-settings=\"{&quot;content_width&quot;:&quot;boxed&quot;}\" data-core-v316-plus=\"true\">\n\t\t\t\t\t<div class=\"e-con-inner\">\n\t\t\t\t<div class=\"elementor-element elementor-element-f6eb307 elementor-widget elementor-widget-spacer\" data-id=\"f6eb307\" data-element_type=\"widget\" data-widget_type=\"spacer.default\">\n\t\t\t\t<div class=\"elementor-widget-container\">\n\t\t\t\t\t<div class=\"elementor-spacer\">\n\t\t\t<div class=\"elementor-spacer-inner\"><\/div>\n\t\t<\/div>\n\t\t\t\t<\/div>\n\t\t\t\t<\/div>\n\t\t\t\t\t<\/div>\n\t\t\t\t<\/div>\n\t\t<div class=\"elementor-element elementor-element-bc21d3f e-flex e-con-boxed e-con e-parent\" data-id=\"bc21d3f\" data-element_type=\"container\" data-settings=\"{&quot;content_width&quot;:&quot;boxed&quot;}\" data-core-v316-plus=\"true\">\n\t\t\t\t\t<div class=\"e-con-inner\">\n\t\t\t\t\t<\/div>\n\t\t\t\t<\/div>\n\t\t<div class=\"elementor-element elementor-element-546827b e-flex e-con-boxed e-con e-parent\" data-id=\"546827b\" data-element_type=\"container\" data-settings=\"{&quot;content_width&quot;:&quot;boxed&quot;}\" data-core-v316-plus=\"true\">\n\t\t\t\t\t<div class=\"e-con-inner\">\n\t\t\t\t<div class=\"elementor-element elementor-element-e1c9784 elementor-widget elementor-widget-spacer\" data-id=\"e1c9784\" data-element_type=\"widget\" data-widget_type=\"spacer.default\">\n\t\t\t\t<div class=\"elementor-widget-container\">\n\t\t\t\t\t<div class=\"elementor-spacer\">\n\t\t\t<div class=\"elementor-spacer-inner\"><\/div>\n\t\t<\/div>\n\t\t\t\t<\/div>\n\t\t\t\t<\/div>\n\t\t\t\t\t<\/div>\n\t\t\t\t<\/div>\n\t\t<div class=\"elementor-element elementor-element-5085908 e-flex e-con-boxed e-con e-parent\" data-id=\"5085908\" data-element_type=\"container\" data-settings=\"{&quot;content_width&quot;:&quot;boxed&quot;}\" data-core-v316-plus=\"true\">\n\t\t\t\t\t<div class=\"e-con-inner\">\n\t\t\t\t<div class=\"elementor-element elementor-element-bc9d75a elementor-widget elementor-widget-image\" data-id=\"bc9d75a\" data-element_type=\"widget\" data-widget_type=\"image.default\">\n\t\t\t\t<div class=\"elementor-widget-container\">\n\t\t\t\t\t\t\t\t\t\t\t\t\t\t\t\t<a href=\"https:\/\/blog.govolunteer.com\/community\/ausgezeichnete-projekte-2023\/#vier\">\n\t\t\t\t\t\t\t<img loading=\"lazy\" decoding=\"async\" width=\"300\" height=\"280\" src=\"https:\/\/sofra.cologne\/wp-content\/uploads\/2023\/11\/WhatsApp-Image-2023-11-25-at-12.13.51-300x280.jpeg\" class=\"attachment-medium size-medium wp-image-2735\" alt=\"\" srcset=\"https:\/\/sofra.cologne\/wp-content\/uploads\/2023\/11\/WhatsApp-Image-2023-11-25-at-12.13.51-300x280.jpeg 300w, https:\/\/sofra.cologne\/wp-content\/uploads\/2023\/11\/WhatsApp-Image-2023-11-25-at-12.13.51.jpeg 400w\" sizes=\"auto, (max-width: 300px) 100vw, 300px\" \/>\t\t\t\t\t\t\t\t<\/a>\n\t\t\t\t\t\t\t\t\t\t\t\t\t\t\t<\/div>\n\t\t\t\t<\/div>\n\t\t\t\t\t<\/div>\n\t\t\t\t<\/div>\n\t\t<div class=\"elementor-element elementor-element-278b1be e-flex e-con-boxed e-con e-parent\" data-id=\"278b1be\" data-element_type=\"container\" data-settings=\"{&quot;content_width&quot;:&quot;boxed&quot;}\" data-core-v316-plus=\"true\">\n\t\t\t\t\t<div class=\"e-con-inner\">\n\t\t\t\t<div class=\"elementor-element elementor-element-6465233 elementor-widget elementor-widget-spacer\" data-id=\"6465233\" data-element_type=\"widget\" data-widget_type=\"spacer.default\">\n\t\t\t\t<div class=\"elementor-widget-container\">\n\t\t\t\t\t<div class=\"elementor-spacer\">\n\t\t\t<div class=\"elementor-spacer-inner\"><\/div>\n\t\t<\/div>\n\t\t\t\t<\/div>\n\t\t\t\t<\/div>\n\t\t\t\t\t<\/div>\n\t\t\t\t<\/div>\n\t\t\t\t\t\t\t<\/div>","protected":false},"excerpt":{"rendered":"<p>UNTERST\u00dcTZE UNSERE ARBEIT SAFER Space FLINTA* Info Stand CSD &#8211; Pride offene Treffen SOFRA &#8211; Queer Migrants e.V. ist die erste von queeren Gefl\u00fcchteten gef\u00fchrte Organisation in Deutschland, die durch [&hellip;]<\/p>","protected":false},"author":2,"featured_media":0,"parent":0,"menu_order":0,"comment_status":"closed","ping_status":"closed","template":"","meta":{"footnotes":""},"class_list":["post-1602","page","type-page","status-publish","hentry"],"_links":{"self":[{"href":"https:\/\/sofra.cologne\/en\/wp-json\/wp\/v2\/pages\/1602","targetHints":{"allow":["GET"]}}],"collection":[{"href":"https:\/\/sofra.cologne\/en\/wp-json\/wp\/v2\/pages"}],"about":[{"href":"https:\/\/sofra.cologne\/en\/wp-json\/wp\/v2\/types\/page"}],"author":[{"embeddable":true,"href":"https:\/\/sofra.cologne\/en\/wp-json\/wp\/v2\/users\/2"}],"replies":[{"embeddable":true,"href":"https:\/\/sofra.cologne\/en\/wp-json\/wp\/v2\/comments?post=1602"}],"version-history":[{"count":99,"href":"https:\/\/sofra.cologne\/en\/wp-json\/wp\/v2\/pages\/1602\/revisions"}],"predecessor-version":[{"id":3427,"href":"https:\/\/sofra.cologne\/en\/wp-json\/wp\/v2\/pages\/1602\/revisions\/3427"}],"wp:attachment":[{"href":"https:\/\/sofra.cologne\/en\/wp-json\/wp\/v2\/media?parent=1602"}],"curies":[{"name":"wp","href":"https:\/\/api.w.org\/{rel}","templated":true}]}}